{"id":1119,"date":"2024-12-14T18:12:23","date_gmt":"2024-12-14T18:12:23","guid":{"rendered":"https:\/\/vancalcar.com\/jwf-staging\/?page_id=1119"},"modified":"2024-12-14T18:30:51","modified_gmt":"2024-12-14T18:30:51","slug":"contributie","status":"publish","type":"page","link":"https:\/\/sv-jwf.nl\/index.php\/contributie\/","title":{"rendered":"Contributie"},"content":{"rendered":"<style>.kb-row-layout-id1119_91d766-9a > .kt-row-column-wrap{align-content:start;}:where(.kb-row-layout-id1119_91d766-9a > .kt-row-column-wrap) > .wp-block-kadence-column{justify-content:start;}.kb-row-layout-id1119_91d766-9a > .kt-row-column-wrap{column-gap:var(--global-kb-gap-md, 2rem);row-gap:var(--global-kb-gap-md, 2rem);max-width:var( --global-content-width, 1290px );padding-left:var(--global-content-edge-padding);padding-right:var(--global-content-edge-padding);padding-top:30px;padding-bottom:140px;grid-template-columns:minmax(0, 1fr);}.kb-row-layout-id1119_91d766-9a{background-image:url('https:\/\/sv-jwf.nl\/wp-content\/uploads\/2024\/12\/IMG_7135-1920w.webp');background-size:cover;background-position:60% 31%;background-attachment:scroll;background-repeat:no-repeat;}.kb-row-layout-id1119_91d766-9a > .kt-row-layout-overlay{opacity:0.30;}@media all and (max-width: 1024px){.kb-row-layout-id1119_91d766-9a > .kt-row-column-wrap{grid-template-columns:minmax(0, 1fr);}}@media all and (max-width: 767px){.kb-row-layout-id1119_91d766-9a > .kt-row-column-wrap{grid-template-columns:minmax(0, 1fr);}}<\/style><div class=\"kb-row-layout-wrap kb-row-layout-id1119_91d766-9a alignnone kt-row-has-bg wp-block-kadence-rowlayout\"><div class=\"kt-row-column-wrap kt-has-1-columns kt-row-layout-equal kt-tab-layout-inherit kt-mobile-layout-row kt-row-valign-top kb-theme-content-width\">\n<style>.kadence-column1119_b6e4fb-11 > .kt-inside-inner-col{padding-right:0px;}.kadence-column1119_b6e4fb-11 > .kt-inside-inner-col,.kadence-column1119_b6e4fb-11 > .kt-inside-inner-col:before{border-top-left-radius:0px;border-top-right-radius:0px;border-bottom-right-radius:0px;border-bottom-left-radius:0px;}.kadence-column1119_b6e4fb-11 > .kt-inside-inner-col{column-gap:var(--global-kb-gap-sm, 1rem);}.kadence-column1119_b6e4fb-11 > .kt-inside-inner-col{flex-direction:column;}.kadence-column1119_b6e4fb-11 > .kt-inside-inner-col > .aligncenter{width:100%;}.kadence-column1119_b6e4fb-11 > .kt-inside-inner-col:before{opacity:0.3;}.kadence-column1119_b6e4fb-11{text-align:center;}.kadence-column1119_b6e4fb-11{position:relative;}@media all and (max-width: 1024px){.kadence-column1119_b6e4fb-11 > .kt-inside-inner-col{flex-direction:column;justify-content:center;}}@media all and (max-width: 767px){.kadence-column1119_b6e4fb-11 > .kt-inside-inner-col{flex-direction:column;justify-content:center;}}<\/style>\n<div class=\"wp-block-kadence-column kadence-column1119_b6e4fb-11 kb-section-dir-vertical\"><div class=\"kt-inside-inner-col\">\n<p class=\"has-theme-palette-9-color has-text-color has-link-color has-xxlarge-font-size wp-elements-b4021f6c251ab351df5561edaa0701f9\">Contributie<\/p>\n<\/div><\/div>\n\n<\/div><\/div>\n\n\n<p><\/p>\n\n\n<div class=\"wp-block-image\">\n<figure class=\"alignright\"><img decoding=\"async\" src=\"https:\/\/sv-jwf.nl\/wp-content\/uploads\/2017\/06\/biljetten-en-munten-300x200.png\" alt=\"\" class=\"wp-image-161\"\/><\/figure>\n<\/div>\n\n\n<p><strong>Contributie Schutterij Johan Willem Friso:<\/strong><\/p>\n\n\n\n<p>De contributie wordt elk jaar op de algemene leden vergadering vastgesteld en geldt voor een heel kalenderjaar.<\/p>\n\n\n\n<p>De contributie is als volgt samengesteld:<\/p>\n\n\n\n<div class=\"wp-block-group is-vertical is-content-justification-center is-layout-flex wp-container-core-group-is-layout-4b2eccd6 wp-block-group-is-layout-flex\">\n<p>Alle leden: \u20ac 157,50 per jaar<\/p>\n\n\n\n<p>Contributie lidmaatschap KNSA: &nbsp;\u20ac 42,50 per jaar (verplicht)<\/p>\n\n\n\n<p>Entreegeld KNSA nieuwe contributieve schutter: \u20ac 42,50 (eenmalig)<\/p>\n<\/div>\n\n\n\n<p>Het lidmaatschap wordt voor 1 jaar aan gegaan en wordt indien men het lidmaatschap niet voor 1 december voor het volgende kalender jaar opzegt gaat het bestuur ervan uit dat uw lidmaatschap weer met een jaar verlengd.<\/p>\n\n\n\n<p>U ontvangt jaarlijks ruim op tijd van onze penningmeester een rekening voor het komende jaar.<\/p>\n\n\n\n<p>De rekening\/contributie dient jaarlijks twee weken voor de start van het nieuwe jaar te worden betaald. (15 december)<\/p>\n\n\n\n<p>Tot de KNSA kunnen uitsluitend verenigingen (en stichtingen) worden toegelaten met een volledige rechtsbevoegdheid. Dat betekent dat er verenigingsstatuten moeten zijn die in een notari\u00eble akte zijn opgenomen, en dat de vereniging moet zijn ingeschreven in het handelsregister van de Kamer van Koophandel.<\/p>\n\n\n\n<p>De KNSA kent geen individuele leden. De sportschutters die zijn aangesloten bij een bij de KNSA aangesloten vereniging worden wel door de KNSA geregistreerd en beschikken derhalve over de \u201cstatus van schutter\u201d. Via de vereniging (KNSA-lid) ontvangen deze schutters vervolgens o.a. jaarlijks een nieuwe KNSA-schutterslicentie, vier maal per jaar het bondstijdschrift Schietsport en vallen zij onder de dekking van de collectieve aansprakelijkheidsverzekering en de rechtsbijstandverzekering van de KNSA.<\/p>\n\n\n\n<p><strong>Geregistreerde schutters<br><\/strong>De KNSA onderscheidt binnen een vereniging twee&nbsp;<strong>categorie\u00ebn<\/strong>&nbsp;schutters, namelijk:<\/p>\n\n\n\n<ol class=\"wp-block-list\">\n<li>Contributieve schutters<\/li>\n\n\n\n<li>Niet-contributieve schutters<\/li>\n<\/ol>\n\n\n\n<p>De term \u201ccontributieve schutter\u201d wil zeggen dat de vereniging contributieafdracht voor die schutter aan de KNSA betaalt. Een \u201cniet-contributieve schutter\u201d is weliswaar gewoon en volwaardig lid van de schietvereniging, maar een andere schietvereniging draagt (reeds) zorg voor de contributieafdracht aan de KNSA.<\/p>\n\n\n\n<p>Immers, een schutter kan bij meer dan \u00e9\u00e9n vereniging lid zijn, maar aan slechts \u00e9\u00e9n vereniging wordt door de KNSA contributieafdracht voor deze schutter in rekening gebracht. Dit is dan dus de \u201ccontribuerende vereniging\u201d.<\/p>\n\n\n\n<p>Alle contributieve schutters ontvangen het bondstijdschrift \u201cSchietsport\u201d en hiervoor wordt dus door de contribuerende schietvereniging de volledige KNSA-contributie voldaan.<\/p>\n\n\n\n<p><\/p>\n","protected":false},"excerpt":{"rendered":"<p>Contributie Contributie Schutterij Johan Willem Friso: De contributie wordt elk jaar op de algemene leden vergadering vastgesteld en geldt voor een heel kalenderjaar. De contributie is als volgt samengesteld: Alle leden: \u20ac 157,50 per jaar Contributie lidmaatschap KNSA: &nbsp;\u20ac 42,50 per jaar (verplicht) Entreegeld KNSA nieuwe contributieve schutter: \u20ac 42,50 (eenmalig) Het lidmaatschap wordt voor&#8230;<\/p>\n","protected":false},"author":1,"featured_media":1055,"parent":0,"menu_order":0,"comment_status":"closed","ping_status":"closed","template":"","meta":{"_kadence_starter_templates_imported_post":false,"_kad_post_transparent":"","_kad_post_title":"hide","_kad_post_layout":"","_kad_post_sidebar_id":"","_kad_post_content_style":"unboxed","_kad_post_vertical_padding":"hide","_kad_post_feature":"hide","_kad_post_feature_position":"","_kad_post_header":false,"_kad_post_footer":false,"_kad_post_classname":"","footnotes":""},"class_list":["post-1119","page","type-page","status-publish","has-post-thumbnail","hentry"],"_links":{"self":[{"href":"https:\/\/sv-jwf.nl\/index.php\/wp-json\/wp\/v2\/pages\/1119","targetHints":{"allow":["GET"]}}],"collection":[{"href":"https:\/\/sv-jwf.nl\/index.php\/wp-json\/wp\/v2\/pages"}],"about":[{"href":"https:\/\/sv-jwf.nl\/index.php\/wp-json\/wp\/v2\/types\/page"}],"author":[{"embeddable":true,"href":"https:\/\/sv-jwf.nl\/index.php\/wp-json\/wp\/v2\/users\/1"}],"replies":[{"embeddable":true,"href":"https:\/\/sv-jwf.nl\/index.php\/wp-json\/wp\/v2\/comments?post=1119"}],"version-history":[{"count":4,"href":"https:\/\/sv-jwf.nl\/index.php\/wp-json\/wp\/v2\/pages\/1119\/revisions"}],"predecessor-version":[{"id":1126,"href":"https:\/\/sv-jwf.nl\/index.php\/wp-json\/wp\/v2\/pages\/1119\/revisions\/1126"}],"wp:featuredmedia":[{"embeddable":true,"href":"https:\/\/sv-jwf.nl\/index.php\/wp-json\/wp\/v2\/media\/1055"}],"wp:attachment":[{"href":"https:\/\/sv-jwf.nl\/index.php\/wp-json\/wp\/v2\/media?parent=1119"}],"curies":[{"name":"wp","href":"https:\/\/api.w.org\/{rel}","templated":true}]}}